{"id":2804,"date":"2023-11-07T04:23:02","date_gmt":"2023-11-07T08:23:02","guid":{"rendered":"https:\/\/www.caracasquierecafe.com\/stage\/?page_id=2804"},"modified":"2023-11-16T09:11:48","modified_gmt":"2023-11-16T13:11:48","slug":"cafeterias","status":"publish","type":"page","link":"https:\/\/www.caracasquierecafe.com\/stage\/cafeterias\/","title":{"rendered":"Cafeter\u00edas"},"content":{"rendered":"<p>[et_pb_section fb_built=\u00bb1&#8243; _builder_version=\u00bb4.23.1&#8243; _module_preset=\u00bbdefault\u00bb background_image=\u00bbhttps:\/\/www.caracasquierecafe.com\/stage\/wp-content\/uploads\/2023\/11\/foto-angulo-barista-limpia-portafiltro-antes-preparar-capuchino-cafeteria-o-restaurante-cerca.jpg\u00bb parallax=\u00bbon\u00bb module_alignment=\u00bbcenter\u00bb min_height=\u00bb350px\u00bb height=\u00bb350px\u00bb max_height=\u00bb500px\u00bb custom_padding=\u00bb150px||200px||false|false\u00bb global_colors_info=\u00bb{}\u00bb][et_pb_row _builder_version=\u00bb4.23.1&#8243; _module_preset=\u00bbdefault\u00bb global_colors_info=\u00bb{}\u00bb][et_pb_column type=\u00bb4_4&#8243; _builder_version=\u00bb4.23.1&#8243; _module_preset=\u00bbdefault\u00bb global_colors_info=\u00bb{}\u00bb][et_pb_search include_categories=\u00bb42,78,167,197,39,208,1,43&#8243; _builder_version=\u00bb4.23.1&#8243; _module_preset=\u00bbdefault\u00bb hover_enabled=\u00bb0&#8243; global_colors_info=\u00bb{}\u00bb exclude_pages=\u00bbon\u00bb sticky_enabled=\u00bb0&#8243;][\/et_pb_search][\/et_pb_column][\/et_pb_row][\/et_pb_section][et_pb_section fb_built=\u00bb1&#8243; _builder_version=\u00bb4.23.1&#8243; _module_preset=\u00bbdefault\u00bb global_colors_info=\u00bb{}\u00bb][et_pb_row _builder_version=\u00bb4.23.1&#8243; _module_preset=\u00bbdefault\u00bb global_colors_info=\u00bb{}\u00bb][et_pb_column type=\u00bb4_4&#8243; _builder_version=\u00bb4.23.1&#8243; _module_preset=\u00bbdefault\u00bb global_colors_info=\u00bb{}\u00bb][et_pb_text _builder_version=\u00bb4.23.1&#8243; _module_preset=\u00bbdefault\u00bb hover_enabled=\u00bb0&#8243; sticky_enabled=\u00bb0&#8243;]<\/p>\n<h1 style=\"text-align: center;\"><strong>Caf\u00e9s<\/strong><\/h1>\n<h3 style=\"text-align: center;\"><strong>Directorio de cafeter\u00edas<\/strong><\/h3>\n<p style=\"text-align: center;\"><strong>Your content goes here. Edit or remove this text inline or in the module Content settings.<\/strong><\/p>\n<p>[\/et_pb_text][et_pb_blog _builder_version=\u00bb4.23.1&#8243; _module_preset=\u00bbdefault\u00bb post_type=\u00bbdirectorio\u00bb show_content=\u00bbon\u00bb show_author=\u00bboff\u00bb show_date=\u00bboff\u00bb fullwidth=\u00bboff\u00bb use_overlay=\u00bbon\u00bb box_shadow_style_image=\u00bbpreset3&#8243; box_shadow_spread_image=\u00bb-13px\u00bb hover_enabled=\u00bb0&#8243; sticky_enabled=\u00bb0&#8243;][\/et_pb_blog][\/et_pb_column][\/et_pb_row][\/et_pb_section][et_pb_section fb_built=\u00bb1&#8243; disabled_on=\u00bbon|off|off\u00bb admin_label=\u00bbCTA\u00bb _builder_version=\u00bb4.17.4&#8243; _module_preset=\u00bbdefault\u00bb background_color=\u00bb#EFEDEB\u00bb use_background_color_gradient=\u00bbon\u00bb background_color_gradient_direction=\u00bb90deg\u00bb background_color_gradient_stops=\u00bb#efedeb 0%|rgba(184,188,186,0.3) 100%\u00bb background_color_gradient_overlays_image=\u00bbon\u00bb background_image=\u00bbhttps:\/\/www.caracasquierecafe.com\/stage\/wp-content\/uploads\/2022\/05\/todo-empieza-con-un-cafe-ccs-quiere-cafe.jpg\u00bb width=\u00bb90%\u00bb module_alignment=\u00bbcenter\u00bb custom_margin=\u00bb27px|||||\u00bb custom_padding=\u00bb21px||16px|||\u00bb locked=\u00bboff\u00bb global_colors_info=\u00bb{}\u00bb theme_builder_area=\u00bbpost_content\u00bb][et_pb_row _builder_version=\u00bb4.17.4&#8243; _module_preset=\u00bbdefault\u00bb width=\u00bb100%\u00bb max_width=\u00bb1300px\u00bb global_colors_info=\u00bb{}\u00bb theme_builder_area=\u00bbpost_content\u00bb][et_pb_column type=\u00bb4_4&#8243; _builder_version=\u00bb4.17.4&#8243; _module_preset=\u00bbdefault\u00bb global_colors_info=\u00bb{}\u00bb theme_builder_area=\u00bbpost_content\u00bb][et_pb_slider show_pagination=\u00bboff\u00bb use_bg_overlay=\u00bboff\u00bb use_text_overlay=\u00bboff\u00bb _builder_version=\u00bb4.21.0&#8243; _module_preset=\u00bbdefault\u00bb header_level=\u00bbh6&#8243; header_text_color=\u00bbRGBA(255,255,255,0)\u00bb header_font_size=\u00bb1px\u00bb body_text_color=\u00bbRGBA(255,255,255,0)\u00bb body_font_size=\u00bb1px\u00bb background_enable_color=\u00bboff\u00bb width=\u00bb96.8%\u00bb custom_margin=\u00bb|23px||23px||\u00bb custom_padding=\u00bb142px||71px|8px||\u00bb auto=\u00bbon\u00bb locked=\u00bboff\u00bb global_colors_info=\u00bb{}\u00bb theme_builder_area=\u00bbpost_content\u00bb][et_pb_slide heading=\u00bbCaf\u00e9 Amanecer\u00bb button_link=\u00bbhttps:\/\/www.instagram.com\/cafeamanecer_\/\u00bb _builder_version=\u00bb4.21.0&#8243; _module_preset=\u00bbdefault\u00bb header_level=\u00bbh2&#8243; header_text_align=\u00bbcenter\u00bb header_text_color=\u00bbRGBA(255,255,255,0)\u00bb background_enable_color=\u00bboff\u00bb background_image=\u00bbhttps:\/\/www.caracasquierecafe.com\/stage\/wp-content\/uploads\/2023\/06\/BANNER-CAFE-AMANECER.png\u00bb background_enable_image=\u00bbon\u00bb background_size=\u00bbcontain\u00bb link_option_url=\u00bbhttps:\/\/www.instagram.com\/cafeamanecer_\/\u00bb link_option_url_new_window=\u00bbon\u00bb locked=\u00bboff\u00bb global_colors_info=\u00bb{}\u00bb sticky_transition=\u00bbon\u00bb theme_builder_area=\u00bbpost_content\u00bb][\/et_pb_slide][et_pb_slide heading=\u00bbFlor de Arauca\u00bb button_link=\u00bbhttps:\/\/www.instagram.com\/cafeflordearauca\/\u00bb url_new_window=\u00bbon\u00bb _builder_version=\u00bb4.21.0&#8243; _module_preset=\u00bbdefault\u00bb background_enable_color=\u00bboff\u00bb background_image=\u00bbhttps:\/\/www.caracasquierecafe.com\/stage\/wp-content\/uploads\/2023\/06\/Banner-flor-de-arauca.jpg\u00bb background_enable_image=\u00bbon\u00bb background_size=\u00bbcontain\u00bb link_option_url=\u00bbhttps:\/\/www.instagram.com\/cafeflordearauca\/\u00bb link_option_url_new_window=\u00bbon\u00bb locked=\u00bboff\u00bb global_colors_info=\u00bb{}\u00bb sticky_transition=\u00bbon\u00bb theme_builder_area=\u00bbpost_content\u00bb][\/et_pb_slide][et_pb_slide heading=\u00bbBANF\u00bb button_link=\u00bbhttps:\/\/www.instagram.com\/banfanb\/\u00bb _builder_version=\u00bb4.21.0&#8243; _module_preset=\u00bbdefault\u00bb background_enable_color=\u00bboff\u00bb background_image=\u00bbhttps:\/\/www.caracasquierecafe.com\/stage\/wp-content\/uploads\/2022\/07\/caracas-quiere-cafe-banner-banfanb.jpg\u00bb background_enable_image=\u00bbon\u00bb background_size=\u00bbcontain\u00bb link_option_url=\u00bbhttps:\/\/www.instagram.com\/banfanb\/\u00bb link_option_url_new_window=\u00bbon\u00bb locked=\u00bboff\u00bb global_colors_info=\u00bb{}\u00bb sticky_transition=\u00bbon\u00bb theme_builder_area=\u00bbpost_content\u00bb][\/et_pb_slide][et_pb_slide heading=\u00bbCredipost\u00bb button_link=\u00bbhttps:\/\/www.instagram.com\/banfanb\/\u00bb _builder_version=\u00bb4.21.0&#8243; _module_preset=\u00bbdefault\u00bb background_enable_color=\u00bboff\u00bb background_image=\u00bbhttps:\/\/www.caracasquierecafe.com\/stage\/wp-content\/uploads\/2022\/07\/CAFE-QUIERE-BANNER-crediposs.jpg\u00bb background_enable_image=\u00bbon\u00bb background_size=\u00bbcontain\u00bb link_option_url=\u00bbhttps:\/\/www.instagram.com\/credicardpos\/\u00bb link_option_url_new_window=\u00bbon\u00bb locked=\u00bboff\u00bb global_colors_info=\u00bb{}\u00bb sticky_transition=\u00bbon\u00bb theme_builder_area=\u00bbpost_content\u00bb][\/et_pb_slide][et_pb_slide heading=\u00bb\u00a1Vive la experiencia!\u00bb button_text=\u00bbParticipar\u00bb image=\u00bbhttps:\/\/www.caracasquierecafe.com\/stage\/wp-content\/uploads\/2022\/06\/caracas-quiere-cafe-logo-con-c.png\u00bb use_bg_overlay=\u00bboff\u00bb use_text_overlay=\u00bbon\u00bb text_overlay_color=\u00bb#eab543&#8243; _builder_version=\u00bb4.21.0&#8243; _module_preset=\u00bbdefault\u00bb header_font=\u00bb|800|||||||\u00bb header_font_size=\u00bb39px\u00bb background_enable_color=\u00bboff\u00bb background_image=\u00bbhttps:\/\/www.caracasquierecafe.com\/stage\/wp-content\/uploads\/2022\/05\/todo-empieza-con-un-cafe-ccs-quiere-cafe.jpg\u00bb background_enable_image=\u00bbon\u00bb custom_button=\u00bbon\u00bb button_text_color=\u00bb#FFFFFF\u00bb button_bg_color=\u00bb#000000&#8243; button_border_radius=\u00bb26px\u00bb button_font=\u00bb|700|||||||\u00bb button_use_icon=\u00bbon\u00bb button_icon=\u00bb&#x24;||divi||400&#8243; text_shadow_style=\u00bbpreset5&#8243; text_shadow_color=\u00bb#FFFFFF\u00bb locked=\u00bboff\u00bb global_colors_info=\u00bb{}\u00bb sticky_transition=\u00bbon\u00bb theme_builder_area=\u00bbpost_content\u00bb][\/et_pb_slide][et_pb_slide heading=\u00bbSan Salvador\u00bb _builder_version=\u00bb4.21.0&#8243; _module_preset=\u00bbdefault\u00bb background_color=\u00bbRGBA(255,255,255,0)\u00bb background_enable_color=\u00bbon\u00bb background_image=\u00bbhttps:\/\/www.caracasquierecafe.com\/stage\/wp-content\/uploads\/2023\/06\/Banner-San-Salvador.jpg\u00bb background_enable_image=\u00bbon\u00bb locked=\u00bboff\u00bb global_colors_info=\u00bb{}\u00bb sticky_transition=\u00bbon\u00bb theme_builder_area=\u00bbpost_content\u00bb][\/et_pb_slide][et_pb_slide heading=\u00bbPurisima\u00bb _builder_version=\u00bb4.21.0&#8243; _module_preset=\u00bbdefault\u00bb background_color=\u00bbRGBA(255,255,255,0)\u00bb background_enable_color=\u00bbon\u00bb background_image=\u00bbhttps:\/\/www.caracasquierecafe.com\/stage\/wp-content\/uploads\/2023\/06\/Purisima-Banner-Web-Cafe.jpg\u00bb background_enable_image=\u00bbon\u00bb background_size=\u00bbcontain\u00bb locked=\u00bboff\u00bb global_colors_info=\u00bb{}\u00bb sticky_transition=\u00bbon\u00bb theme_builder_area=\u00bbpost_content\u00bb][\/et_pb_slide][et_pb_slide heading=\u00bbGiorgio\u00bb _builder_version=\u00bb4.21.0&#8243; _module_preset=\u00bbdefault\u00bb background_enable_color=\u00bboff\u00bb background_image=\u00bbhttps:\/\/www.caracasquierecafe.com\/stage\/wp-content\/uploads\/2023\/06\/BANNER-WEB.jpg\u00bb background_enable_image=\u00bbon\u00bb background_size=\u00bbcontain\u00bb locked=\u00bboff\u00bb global_colors_info=\u00bb{}\u00bb sticky_transition=\u00bbon\u00bb theme_builder_area=\u00bbpost_content\u00bb][\/et_pb_slide][\/et_pb_slider][\/et_pb_column][\/et_pb_row][\/et_pb_section]<\/p>\n","protected":false},"excerpt":{"rendered":"<p>Directorio de caf\u00e9s no solo para compartir con amigos o familia, sino tambi\u00e9n lugares para trabajar, estudiar y despejar la mente.<\/p>\n","protected":false},"author":1,"featured_media":2737,"parent":0,"menu_order":21,"comment_status":"closed","ping_status":"closed","template":"","meta":{"_et_pb_use_builder":"on","_et_pb_old_content":"","_et_gb_content_width":"","footnotes":"","_joinchat":[]},"yoast_head":"<!-- This site is optimized with the Yoast SEO plugin v23.5 - https:\/\/yoast.com\/wordpress\/plugins\/seo\/ -->\n<title>Cafeter\u00edas - Caracas Quiere Caf&eacute;<\/title>\n<meta name=\"description\" content=\"Directorio de caf\u00e9s no solo para compartir con amigos o familia, sino tambi\u00e9n lugares para trabajar, estudiar y despejar la mente.\" \/>\n<meta name=\"robots\" content=\"index, follow, max-snippet:-1, max-image-preview:large, max-video-preview:-1\" \/>\n<link rel=\"canonical\" href=\"https:\/\/www.caracasquierecafe.com\/stage\/cafeterias\/\" \/>\n<meta property=\"og:locale\" content=\"es_ES\" \/>\n<meta property=\"og:type\" content=\"article\" \/>\n<meta property=\"og:title\" content=\"Cafeter\u00edas - Caracas Quiere Caf&eacute;\" \/>\n<meta property=\"og:description\" content=\"Directorio de caf\u00e9s no solo para compartir con amigos o familia, sino tambi\u00e9n lugares para trabajar, estudiar y despejar la mente.\" \/>\n<meta property=\"og:url\" content=\"https:\/\/www.caracasquierecafe.com\/stage\/cafeterias\/\" \/>\n<meta property=\"og:site_name\" content=\"Caracas Quiere Caf&eacute;\" \/>\n<meta property=\"article:modified_time\" content=\"2023-11-16T13:11:48+00:00\" \/>\n<meta property=\"og:image\" content=\"https:\/\/www.caracasquierecafe.com\/stage\/wp-content\/uploads\/2023\/11\/foto-angulo-barista-limpia-portafiltro-antes-preparar-capuchino-cafeteria-o-restaurante-cerca.jpg\" \/>\n\t<meta property=\"og:image:width\" content=\"1620\" \/>\n\t<meta property=\"og:image:height\" content=\"1080\" \/>\n\t<meta property=\"og:image:type\" content=\"image\/jpeg\" \/>\n<meta name=\"twitter:card\" content=\"summary_large_image\" \/>\n<meta name=\"twitter:label1\" content=\"Tiempo de lectura\" \/>\n\t<meta name=\"twitter:data1\" content=\"1 minuto\" \/>\n<script type=\"application\/ld+json\" class=\"yoast-schema-graph\">{\"@context\":\"https:\/\/schema.org\",\"@graph\":[{\"@type\":\"WebPage\",\"@id\":\"https:\/\/www.caracasquierecafe.com\/stage\/cafeterias\/\",\"url\":\"https:\/\/www.caracasquierecafe.com\/stage\/cafeterias\/\",\"name\":\"Cafeter\u00edas - Caracas Quiere Caf&eacute;\",\"isPartOf\":{\"@id\":\"https:\/\/www.caracasquierecafe.com\/stage\/#website\"},\"primaryImageOfPage\":{\"@id\":\"https:\/\/www.caracasquierecafe.com\/stage\/cafeterias\/#primaryimage\"},\"image\":{\"@id\":\"https:\/\/www.caracasquierecafe.com\/stage\/cafeterias\/#primaryimage\"},\"thumbnailUrl\":\"https:\/\/www.caracasquierecafe.com\/stage\/wp-content\/uploads\/2023\/11\/foto-angulo-barista-limpia-portafiltro-antes-preparar-capuchino-cafeteria-o-restaurante-cerca.jpg\",\"datePublished\":\"2023-11-07T08:23:02+00:00\",\"dateModified\":\"2023-11-16T13:11:48+00:00\",\"description\":\"Directorio de caf\u00e9s no solo para compartir con amigos o familia, sino tambi\u00e9n lugares para trabajar, estudiar y despejar la mente.\",\"breadcrumb\":{\"@id\":\"https:\/\/www.caracasquierecafe.com\/stage\/cafeterias\/#breadcrumb\"},\"inLanguage\":\"es\",\"potentialAction\":[{\"@type\":\"ReadAction\",\"target\":[\"https:\/\/www.caracasquierecafe.com\/stage\/cafeterias\/\"]}]},{\"@type\":\"ImageObject\",\"inLanguage\":\"es\",\"@id\":\"https:\/\/www.caracasquierecafe.com\/stage\/cafeterias\/#primaryimage\",\"url\":\"https:\/\/www.caracasquierecafe.com\/stage\/wp-content\/uploads\/2023\/11\/foto-angulo-barista-limpia-portafiltro-antes-preparar-capuchino-cafeteria-o-restaurante-cerca.jpg\",\"contentUrl\":\"https:\/\/www.caracasquierecafe.com\/stage\/wp-content\/uploads\/2023\/11\/foto-angulo-barista-limpia-portafiltro-antes-preparar-capuchino-cafeteria-o-restaurante-cerca.jpg\",\"width\":1620,\"height\":1080,\"caption\":\"Low angle photo of a barista cleans the portafilter before preparing the cappuccino in a coffee shop or restaurant. Close-up\"},{\"@type\":\"BreadcrumbList\",\"@id\":\"https:\/\/www.caracasquierecafe.com\/stage\/cafeterias\/#breadcrumb\",\"itemListElement\":[{\"@type\":\"ListItem\",\"position\":1,\"name\":\"Portada\",\"item\":\"https:\/\/www.caracasquierecafe.com\/stage\/\"},{\"@type\":\"ListItem\",\"position\":2,\"name\":\"Cafeter\u00edas\"}]},{\"@type\":\"WebSite\",\"@id\":\"https:\/\/www.caracasquierecafe.com\/stage\/#website\",\"url\":\"https:\/\/www.caracasquierecafe.com\/stage\/\",\"name\":\"Caracas Quiere Caf&eacute;\",\"description\":\"Caracas Quiere Caf&eacute;\",\"publisher\":{\"@id\":\"https:\/\/www.caracasquierecafe.com\/stage\/#organization\"},\"potentialAction\":[{\"@type\":\"SearchAction\",\"target\":{\"@type\":\"EntryPoint\",\"urlTemplate\":\"https:\/\/www.caracasquierecafe.com\/stage\/?s={search_term_string}\"},\"query-input\":{\"@type\":\"PropertyValueSpecification\",\"valueRequired\":true,\"valueName\":\"search_term_string\"}}],\"inLanguage\":\"es\"},{\"@type\":\"Organization\",\"@id\":\"https:\/\/www.caracasquierecafe.com\/stage\/#organization\",\"name\":\"Caracas Quiere caf\u00e9\",\"url\":\"https:\/\/www.caracasquierecafe.com\/stage\/\",\"logo\":{\"@type\":\"ImageObject\",\"inLanguage\":\"es\",\"@id\":\"https:\/\/www.caracasquierecafe.com\/stage\/#\/schema\/logo\/image\/\",\"url\":\"https:\/\/www.caracasquierecafe.com\/stage\/wp-content\/uploads\/2022\/06\/caracas-quiere-cafe-logo-con-c.png\",\"contentUrl\":\"https:\/\/www.caracasquierecafe.com\/stage\/wp-content\/uploads\/2022\/06\/caracas-quiere-cafe-logo-con-c.png\",\"width\":285,\"height\":249,\"caption\":\"Caracas Quiere caf\u00e9\"},\"image\":{\"@id\":\"https:\/\/www.caracasquierecafe.com\/stage\/#\/schema\/logo\/image\/\"}}]}<\/script>\n<!-- \/ Yoast SEO plugin. -->","yoast_head_json":{"title":"Cafeter\u00edas - Caracas Quiere Caf&eacute;","description":"Directorio de caf\u00e9s no solo para compartir con amigos o familia, sino tambi\u00e9n lugares para trabajar, estudiar y despejar la mente.","robots":{"index":"index","follow":"follow","max-snippet":"max-snippet:-1","max-image-preview":"max-image-preview:large","max-video-preview":"max-video-preview:-1"},"canonical":"https:\/\/www.caracasquierecafe.com\/stage\/cafeterias\/","og_locale":"es_ES","og_type":"article","og_title":"Cafeter\u00edas - Caracas Quiere Caf&eacute;","og_description":"Directorio de caf\u00e9s no solo para compartir con amigos o familia, sino tambi\u00e9n lugares para trabajar, estudiar y despejar la mente.","og_url":"https:\/\/www.caracasquierecafe.com\/stage\/cafeterias\/","og_site_name":"Caracas Quiere Caf&eacute;","article_modified_time":"2023-11-16T13:11:48+00:00","og_image":[{"width":1620,"height":1080,"url":"https:\/\/www.caracasquierecafe.com\/stage\/wp-content\/uploads\/2023\/11\/foto-angulo-barista-limpia-portafiltro-antes-preparar-capuchino-cafeteria-o-restaurante-cerca.jpg","type":"image\/jpeg"}],"twitter_card":"summary_large_image","twitter_misc":{"Tiempo de lectura":"1 minuto"},"schema":{"@context":"https:\/\/schema.org","@graph":[{"@type":"WebPage","@id":"https:\/\/www.caracasquierecafe.com\/stage\/cafeterias\/","url":"https:\/\/www.caracasquierecafe.com\/stage\/cafeterias\/","name":"Cafeter\u00edas - Caracas Quiere Caf&eacute;","isPartOf":{"@id":"https:\/\/www.caracasquierecafe.com\/stage\/#website"},"primaryImageOfPage":{"@id":"https:\/\/www.caracasquierecafe.com\/stage\/cafeterias\/#primaryimage"},"image":{"@id":"https:\/\/www.caracasquierecafe.com\/stage\/cafeterias\/#primaryimage"},"thumbnailUrl":"https:\/\/www.caracasquierecafe.com\/stage\/wp-content\/uploads\/2023\/11\/foto-angulo-barista-limpia-portafiltro-antes-preparar-capuchino-cafeteria-o-restaurante-cerca.jpg","datePublished":"2023-11-07T08:23:02+00:00","dateModified":"2023-11-16T13:11:48+00:00","description":"Directorio de caf\u00e9s no solo para compartir con amigos o familia, sino tambi\u00e9n lugares para trabajar, estudiar y despejar la mente.","breadcrumb":{"@id":"https:\/\/www.caracasquierecafe.com\/stage\/cafeterias\/#breadcrumb"},"inLanguage":"es","potentialAction":[{"@type":"ReadAction","target":["https:\/\/www.caracasquierecafe.com\/stage\/cafeterias\/"]}]},{"@type":"ImageObject","inLanguage":"es","@id":"https:\/\/www.caracasquierecafe.com\/stage\/cafeterias\/#primaryimage","url":"https:\/\/www.caracasquierecafe.com\/stage\/wp-content\/uploads\/2023\/11\/foto-angulo-barista-limpia-portafiltro-antes-preparar-capuchino-cafeteria-o-restaurante-cerca.jpg","contentUrl":"https:\/\/www.caracasquierecafe.com\/stage\/wp-content\/uploads\/2023\/11\/foto-angulo-barista-limpia-portafiltro-antes-preparar-capuchino-cafeteria-o-restaurante-cerca.jpg","width":1620,"height":1080,"caption":"Low angle photo of a barista cleans the portafilter before preparing the cappuccino in a coffee shop or restaurant. Close-up"},{"@type":"BreadcrumbList","@id":"https:\/\/www.caracasquierecafe.com\/stage\/cafeterias\/#breadcrumb","itemListElement":[{"@type":"ListItem","position":1,"name":"Portada","item":"https:\/\/www.caracasquierecafe.com\/stage\/"},{"@type":"ListItem","position":2,"name":"Cafeter\u00edas"}]},{"@type":"WebSite","@id":"https:\/\/www.caracasquierecafe.com\/stage\/#website","url":"https:\/\/www.caracasquierecafe.com\/stage\/","name":"Caracas Quiere Caf&eacute;","description":"Caracas Quiere Caf&eacute;","publisher":{"@id":"https:\/\/www.caracasquierecafe.com\/stage\/#organization"},"potentialAction":[{"@type":"SearchAction","target":{"@type":"EntryPoint","urlTemplate":"https:\/\/www.caracasquierecafe.com\/stage\/?s={search_term_string}"},"query-input":{"@type":"PropertyValueSpecification","valueRequired":true,"valueName":"search_term_string"}}],"inLanguage":"es"},{"@type":"Organization","@id":"https:\/\/www.caracasquierecafe.com\/stage\/#organization","name":"Caracas Quiere caf\u00e9","url":"https:\/\/www.caracasquierecafe.com\/stage\/","logo":{"@type":"ImageObject","inLanguage":"es","@id":"https:\/\/www.caracasquierecafe.com\/stage\/#\/schema\/logo\/image\/","url":"https:\/\/www.caracasquierecafe.com\/stage\/wp-content\/uploads\/2022\/06\/caracas-quiere-cafe-logo-con-c.png","contentUrl":"https:\/\/www.caracasquierecafe.com\/stage\/wp-content\/uploads\/2022\/06\/caracas-quiere-cafe-logo-con-c.png","width":285,"height":249,"caption":"Caracas Quiere caf\u00e9"},"image":{"@id":"https:\/\/www.caracasquierecafe.com\/stage\/#\/schema\/logo\/image\/"}}]}},"_links":{"self":[{"href":"https:\/\/www.caracasquierecafe.com\/stage\/wp-json\/wp\/v2\/pages\/2804"}],"collection":[{"href":"https:\/\/www.caracasquierecafe.com\/stage\/wp-json\/wp\/v2\/pages"}],"about":[{"href":"https:\/\/www.caracasquierecafe.com\/stage\/wp-json\/wp\/v2\/types\/page"}],"author":[{"embeddable":true,"href":"https:\/\/www.caracasquierecafe.com\/stage\/wp-json\/wp\/v2\/users\/1"}],"replies":[{"embeddable":true,"href":"https:\/\/www.caracasquierecafe.com\/stage\/wp-json\/wp\/v2\/comments?post=2804"}],"version-history":[{"count":10,"href":"https:\/\/www.caracasquierecafe.com\/stage\/wp-json\/wp\/v2\/pages\/2804\/revisions"}],"predecessor-version":[{"id":2953,"href":"https:\/\/www.caracasquierecafe.com\/stage\/wp-json\/wp\/v2\/pages\/2804\/revisions\/2953"}],"wp:featuredmedia":[{"embeddable":true,"href":"https:\/\/www.caracasquierecafe.com\/stage\/wp-json\/wp\/v2\/media\/2737"}],"wp:attachment":[{"href":"https:\/\/www.caracasquierecafe.com\/stage\/wp-json\/wp\/v2\/media?parent=2804"}],"curies":[{"name":"wp","href":"https:\/\/api.w.org\/{rel}","templated":true}]}}